{"id":1595,"date":"2021-06-11T15:35:05","date_gmt":"2021-06-11T13:35:05","guid":{"rendered":"http:\/\/www.medirol.cz\/?page_id=1595"},"modified":"2021-06-11T15:51:56","modified_gmt":"2021-06-11T13:51:56","slug":"404-2","status":"publish","type":"page","link":"https:\/\/www.medirol.cz\/ru\/404-2\/","title":{"rendered":"404"},"content":{"rendered":"<div class=\"fusion-fullwidth fullwidth-box fusion-builder-row-1 fusion-flex-container nonhundred-percent-fullwidth non-hundred-percent-height-scrolling shadow\" style=\"--awb-border-radius-top-left:0px;--awb-border-radius-top-right:0px;--awb-border-radius-bottom-right:0px;--awb-border-radius-bottom-left:0px;--awb-background-color:#ffffff;--awb-flex-wrap:wrap;\" ><div class=\"fusion-builder-row fusion-row fusion-flex-align-items-flex-start fusion-flex-content-wrap\" style=\"max-width:calc( 1260px + 0px );margin-left: calc(-0px \/ 2 );margin-right: calc(-0px \/ 2 );\"><div class=\"fusion-layout-column fusion_builder_column fusion-builder-column-0 fusion_builder_column_1_2 1_2 fusion-flex-column\" style=\"--awb-padding-top:75px;--awb-padding-right:75px;--awb-padding-bottom:75px;--awb-padding-left:75px;--awb-padding-top-small:40px;--awb-padding-right-small:20px;--awb-padding-bottom-small:40px;--awb-padding-left-small:20px;--awb-bg-size:cover;--awb-width-large:50%;--awb-margin-top-large:0px;--awb-spacing-right-large:0px;--awb-margin-bottom-large:0px;--awb-spacing-left-large:0px;--awb-width-medium:50%;--awb-order-medium:0;--awb-spacing-right-medium:0px;--awb-spacing-left-medium:0px;--awb-width-small:100%;--awb-order-small:0;--awb-spacing-right-small:0px;--awb-spacing-left-small:0px;\"><div class=\"fusion-column-wrapper fusion-column-has-shadow fusion-flex-justify-content-flex-start fusion-content-layout-column\"><div class=\"fusion-title title fusion-title-1 fusion-sep-none fusion-title-text fusion-title-size-one\" style=\"--awb-text-color:#8289a6;\"><h1 class=\"fusion-title-heading title-heading-left\" style=\"margin:0;\">Tato str\u00e1nka nebyla nalezena<\/h1><\/div><\/div><\/div><div class=\"fusion-layout-column fusion_builder_column fusion-builder-column-1 fusion_builder_column_1_2 1_2 fusion-flex-column\" style=\"--awb-padding-top:90px;--awb-padding-right:100px;--awb-padding-bottom:90px;--awb-padding-left:100px;--awb-padding-top-small:0px;--awb-padding-right-small:20px;--awb-padding-bottom-small:30px;--awb-padding-left-small:20px;--awb-bg-size:cover;--awb-width-large:50%;--awb-margin-top-large:0px;--awb-spacing-right-large:0px;--awb-margin-bottom-large:0px;--awb-spacing-left-large:0px;--awb-width-medium:50%;--awb-order-medium:0;--awb-spacing-right-medium:0px;--awb-spacing-left-medium:0px;--awb-width-small:100%;--awb-order-small:0;--awb-spacing-right-small:0px;--awb-spacing-left-small:0px;\"><div class=\"fusion-column-wrapper fusion-column-has-shadow fusion-flex-justify-content-flex-start fusion-content-layout-column\"><div class=\"fusion-text fusion-text-1\"><p>Omlouv\u00e1me se, do\u0161lo k chyb\u011b. M\u016f\u017eete p\u0159ej\u00edt na <a href=\"http:\/\/www.medirol.cz\/ru\/\">\u00favodn\u00ed str\u00e1nku<\/a> nebo n\u00e1s <a href=\"http:\/\/www.medirol.cz\/ru\/contact\/\">kontaktujte<\/a>.<\/p>\n<\/div><\/div><\/div><\/div><\/div>","protected":false},"excerpt":{"rendered":"","protected":false},"author":1,"featured_media":0,"parent":0,"menu_order":0,"comment_status":"closed","ping_status":"closed","template":"","meta":{"footnotes":""},"class_list":["post-1595","page","type-page","status-publish","hentry"],"_links":{"self":[{"href":"https:\/\/www.medirol.cz\/ru\/wp-json\/wp\/v2\/pages\/1595","targetHints":{"allow":["GET"]}}],"collection":[{"href":"https:\/\/www.medirol.cz\/ru\/wp-json\/wp\/v2\/pages"}],"about":[{"href":"https:\/\/www.medirol.cz\/ru\/wp-json\/wp\/v2\/types\/page"}],"author":[{"embeddable":true,"href":"https:\/\/www.medirol.cz\/ru\/wp-json\/wp\/v2\/users\/1"}],"replies":[{"embeddable":true,"href":"https:\/\/www.medirol.cz\/ru\/wp-json\/wp\/v2\/comments?post=1595"}],"version-history":[{"count":7,"href":"https:\/\/www.medirol.cz\/ru\/wp-json\/wp\/v2\/pages\/1595\/revisions"}],"predecessor-version":[{"id":1602,"href":"https:\/\/www.medirol.cz\/ru\/wp-json\/wp\/v2\/pages\/1595\/revisions\/1602"}],"wp:attachment":[{"href":"https:\/\/www.medirol.cz\/ru\/wp-json\/wp\/v2\/media?parent=1595"}],"curies":[{"name":"wp","href":"https:\/\/api.w.org\/{rel}","templated":true}]}}