{"id":740,"date":"2021-04-09T16:37:46","date_gmt":"2021-04-09T14:37:46","guid":{"rendered":"http:\/\/www.medirol.cz\/?page_id=740"},"modified":"2025-10-22T14:21:25","modified_gmt":"2025-10-22T12:21:25","slug":"support","status":"publish","type":"page","link":"https:\/\/www.medirol.cz\/nl\/support\/","title":{"rendered":"Podpo\u0159ili n\u00e1s"},"content":{"rendered":"<div class=\"fusion-fullwidth fullwidth-box fusion-builder-row-1 fusion-flex-container nonhundred-percent-fullwidth non-hundred-percent-height-scrolling shadow\" style=\"--awb-border-radius-top-left:0px;--awb-border-radius-top-right:0px;--awb-border-radius-bottom-right:0px;--awb-border-radius-bottom-left:0px;--awb-padding-bottom:60px;--awb-background-color:#ffffff;--awb-flex-wrap:wrap;\" ><div class=\"fusion-builder-row fusion-row fusion-flex-align-items-flex-start fusion-flex-justify-content-center fusion-flex-content-wrap\" style=\"max-width:calc( 1260px + 0px );margin-left: calc(-0px \/ 2 );margin-right: calc(-0px \/ 2 );\"><div class=\"fusion-layout-column fusion_builder_column fusion-builder-column-0 fusion_builder_column_2_3 2_3 fusion-flex-column\" style=\"--awb-padding-top:40px;--awb-padding-right:20px;--awb-padding-bottom:40px;--awb-padding-left:20px;--awb-padding-top-small:40px;--awb-padding-right-small:20px;--awb-padding-bottom-small:40px;--awb-padding-left-small:20px;--awb-bg-size:cover;--awb-width-large:66.6666666667%;--awb-margin-top-large:0px;--awb-spacing-right-large:0px;--awb-margin-bottom-large:0px;--awb-spacing-left-large:0px;--awb-width-medium:66.6666666667%;--awb-order-medium:0;--awb-spacing-right-medium:0px;--awb-spacing-left-medium:0px;--awb-width-small:100%;--awb-order-small:0;--awb-spacing-right-small:0px;--awb-spacing-left-small:0px;\"><div class=\"fusion-column-wrapper fusion-column-has-shadow fusion-flex-justify-content-flex-start fusion-content-layout-column\"><div class=\"fusion-title title fusion-title-1 fusion-sep-none fusion-title-text fusion-title-size-one\" style=\"--awb-text-color:#8289a6;\"><h1 class=\"fusion-title-heading title-heading-left\" style=\"margin:0;\">Podpo\u0159ili n\u00e1s<\/h1><\/div><\/div><\/div><div class=\"fusion-layout-column fusion_builder_column fusion-builder-column-1 fusion_builder_column_2_3 2_3 fusion-flex-column\" style=\"--awb-padding-top:00px;--awb-padding-right:20px;--awb-padding-bottom:30px;--awb-padding-left:20px;--awb-padding-top-small:0px;--awb-padding-right-small:20px;--awb-padding-bottom-small:30px;--awb-padding-left-small:20px;--awb-bg-size:cover;--awb-width-large:66.6666666667%;--awb-margin-top-large:0px;--awb-spacing-right-large:0px;--awb-margin-bottom-large:0px;--awb-spacing-left-large:0px;--awb-width-medium:66.6666666667%;--awb-order-medium:0;--awb-spacing-right-medium:0px;--awb-spacing-left-medium:0px;--awb-width-small:100%;--awb-order-small:0;--awb-spacing-right-small:0px;--awb-spacing-left-small:0px;\"><div class=\"fusion-column-wrapper fusion-column-has-shadow fusion-flex-justify-content-flex-start fusion-content-layout-column\"><div class=\"fusion-text fusion-text-1\"><p>22.10.2025<\/p>\n<h3>Digit\u00e1ln\u00ed transformace spole\u010dnosti <span style=\"font-family: var(--h3_typography-font-family); font-size: var(--h3_typography-font-size); font-style: var(--h3_typography-font-style,normal); font-weight: var(--h3_typography-font-weight); letter-spacing: var(--h3_typography-letter-spacing); text-transform: var(--h3_typography-text-transform); text-align: var(--awb-content-alignment);\">MEDIROL s.r.o.<\/span><\/h3>\n<div class=\"page\" title=\"Page 1\">\n<div class=\"layoutArea\">\n<div class=\"column\">\n<p>Spole\u010dnost MEDIROL s.r.o. realizovala projekt digit\u00e1ln\u00ed transformace vnitropodnikov\u00e9ho syst\u00e9mu <span style=\"font-family: var(--awb-text-font-family); font-size: var(--awb-font-size); font-style: var(--awb-text-font-style); letter-spacing: var(--awb-letter-spacing); text-align: var(--awb-content-alignment); text-transform: var(--awb-text-transform);\">v podob\u011b migrace ERP syst\u00e9mu SAP business One na nejmodern\u011bj\u0161\u00ed technologickou, <\/span><span style=\"font-family: var(--awb-text-font-family); font-size: var(--awb-font-size); font-style: var(--awb-text-font-style); letter-spacing: var(--awb-letter-spacing); text-align: var(--awb-content-alignment); text-transform: var(--awb-text-transform);\">datab\u00e1zovou a aplika\u010dn\u00ed in-memory platformu SAP HANA.<\/span><\/p>\n<p class=\"p1\">Tento projekt byl spolufinancov\u00e1n Evropskou uni\u00ed.<\/p>\n<p><img decoding=\"async\" class=\"aligncenter size-large wp-image-3635\" src=\"https:\/\/www.medirol.cz\/wp-content\/uploads\/2025\/10\/digitalni-transformace-spolecnosti-1-1024x725.png\" alt=\"\" width=\"1024\" height=\"725\" srcset=\"https:\/\/www.medirol.cz\/wp-content\/uploads\/2025\/10\/digitalni-transformace-spolecnosti-1-18x12.png 18w, https:\/\/www.medirol.cz\/wp-content\/uploads\/2025\/10\/digitalni-transformace-spolecnosti-1-200x142.png 200w, https:\/\/www.medirol.cz\/wp-content\/uploads\/2025\/10\/digitalni-transformace-spolecnosti-1-300x212.png 300w, https:\/\/www.medirol.cz\/wp-content\/uploads\/2025\/10\/digitalni-transformace-spolecnosti-1-400x283.png 400w, https:\/\/www.medirol.cz\/wp-content\/uploads\/2025\/10\/digitalni-transformace-spolecnosti-1-600x425.png 600w, https:\/\/www.medirol.cz\/wp-content\/uploads\/2025\/10\/digitalni-transformace-spolecnosti-1-768x544.png 768w, https:\/\/www.medirol.cz\/wp-content\/uploads\/2025\/10\/digitalni-transformace-spolecnosti-1-800x566.png 800w, https:\/\/www.medirol.cz\/wp-content\/uploads\/2025\/10\/digitalni-transformace-spolecnosti-1-1024x725.png 1024w, https:\/\/www.medirol.cz\/wp-content\/uploads\/2025\/10\/digitalni-transformace-spolecnosti-1-1200x849.png 1200w, https:\/\/www.medirol.cz\/wp-content\/uploads\/2025\/10\/digitalni-transformace-spolecnosti-1-1536x1087.png 1536w, https:\/\/www.medirol.cz\/wp-content\/uploads\/2025\/10\/digitalni-transformace-spolecnosti-1.png 1786w\" sizes=\"(max-width: 1024px) 100vw, 1024px\" \/><\/p>\n<p>&nbsp;<\/p>\n<p>&nbsp;<\/p>\n<\/div>\n<\/div>\n<\/div>\n<\/div><\/div><\/div><div class=\"fusion-layout-column fusion_builder_column fusion-builder-column-2 fusion_builder_column_2_3 2_3 fusion-flex-column\" style=\"--awb-padding-top:00px;--awb-padding-right:20px;--awb-padding-bottom:30px;--awb-padding-left:20px;--awb-padding-top-small:0px;--awb-padding-right-small:20px;--awb-padding-bottom-small:30px;--awb-padding-left-small:20px;--awb-bg-size:cover;--awb-width-large:66.6666666667%;--awb-margin-top-large:0px;--awb-spacing-right-large:0px;--awb-margin-bottom-large:0px;--awb-spacing-left-large:0px;--awb-width-medium:66.6666666667%;--awb-order-medium:0;--awb-spacing-right-medium:0px;--awb-spacing-left-medium:0px;--awb-width-small:100%;--awb-order-small:0;--awb-spacing-right-small:0px;--awb-spacing-left-small:0px;\"><div class=\"fusion-column-wrapper fusion-column-has-shadow fusion-flex-justify-content-flex-start fusion-content-layout-column\"><div class=\"fusion-text fusion-text-2\"><p>4.7.2025<\/p>\n<h3>Propagace nov\u00e9ho produktu <span style=\"font-family: var(--h3_typography-font-family); font-size: var(--h3_typography-font-size); font-style: var(--h3_typography-font-style,normal); font-weight: var(--h3_typography-font-weight); letter-spacing: var(--h3_typography-letter-spacing); text-transform: var(--h3_typography-text-transform); text-align: var(--awb-content-alignment);\">na zahrani\u010dn\u00edch trz\u00edch<\/span><\/h3>\n<div class=\"page\" title=\"Page 1\">\n<div class=\"layoutArea\">\n<div class=\"column\">\n<p>C\u00edlem projektu je zv\u00fd\u0161en\u00ed konkurence schopnosti spole\u010dnosti MEDIROL s.r.o., d\u00edky lep\u0161\u00edmu <span style=\"font-family: var(--awb-text-font-family); font-size: var(--awb-font-size); font-style: var(--awb-text-font-style); letter-spacing: var(--awb-letter-spacing); text-align: var(--awb-content-alignment); text-transform: var(--awb-text-transform);\">zaji\u0161t\u011bn\u00ed propagace nov\u00e9ho v\u00fdrobku a to zejm\u00e9na se zam\u011b\u0159en\u00edm na zahrani\u010dn\u00ed trh, co\u017e povede ke <\/span><span style=\"font-family: var(--awb-text-font-family); font-size: var(--awb-font-size); font-style: var(--awb-text-font-style); letter-spacing: var(--awb-letter-spacing); text-align: var(--awb-content-alignment); text-transform: var(--awb-text-transform);\">zv\u00fd\u0161en\u00e9mu odbytu.<\/span><\/p>\n<p class=\"p1\">Tento projekt byl spolufinancov\u00e1n Evropskou uni\u00ed.<\/p>\n<p><img decoding=\"async\" class=\"aligncenter size-large wp-image-3542\" src=\"https:\/\/www.medirol.cz\/wp-content\/uploads\/2025\/07\/eu-projekt-1024x723.png\" alt=\"\" width=\"1024\" height=\"723\" srcset=\"https:\/\/www.medirol.cz\/wp-content\/uploads\/2025\/07\/eu-projekt-18x12.png 18w, https:\/\/www.medirol.cz\/wp-content\/uploads\/2025\/07\/eu-projekt-200x141.png 200w, https:\/\/www.medirol.cz\/wp-content\/uploads\/2025\/07\/eu-projekt-300x212.png 300w, https:\/\/www.medirol.cz\/wp-content\/uploads\/2025\/07\/eu-projekt-400x282.png 400w, https:\/\/www.medirol.cz\/wp-content\/uploads\/2025\/07\/eu-projekt-600x423.png 600w, https:\/\/www.medirol.cz\/wp-content\/uploads\/2025\/07\/eu-projekt-768x542.png 768w, https:\/\/www.medirol.cz\/wp-content\/uploads\/2025\/07\/eu-projekt-800x565.png 800w, https:\/\/www.medirol.cz\/wp-content\/uploads\/2025\/07\/eu-projekt-1024x723.png 1024w, https:\/\/www.medirol.cz\/wp-content\/uploads\/2025\/07\/eu-projekt-1200x847.png 1200w, https:\/\/www.medirol.cz\/wp-content\/uploads\/2025\/07\/eu-projekt-1536x1084.png 1536w, https:\/\/www.medirol.cz\/wp-content\/uploads\/2025\/07\/eu-projekt.png 1788w\" sizes=\"(max-width: 1024px) 100vw, 1024px\" \/><\/p>\n<\/div>\n<\/div>\n<\/div>\n<\/div><\/div><\/div><div class=\"fusion-layout-column fusion_builder_column fusion-builder-column-3 fusion_builder_column_2_3 2_3 fusion-flex-column\" style=\"--awb-padding-top:00px;--awb-padding-right:20px;--awb-padding-bottom:30px;--awb-padding-left:20px;--awb-padding-top-small:0px;--awb-padding-right-small:20px;--awb-padding-bottom-small:30px;--awb-padding-left-small:20px;--awb-bg-size:cover;--awb-width-large:66.6666666667%;--awb-margin-top-large:0px;--awb-spacing-right-large:0px;--awb-margin-bottom-large:0px;--awb-spacing-left-large:0px;--awb-width-medium:66.6666666667%;--awb-order-medium:0;--awb-spacing-right-medium:0px;--awb-spacing-left-medium:0px;--awb-width-small:100%;--awb-order-small:0;--awb-spacing-right-small:0px;--awb-spacing-left-small:0px;\"><div class=\"fusion-column-wrapper fusion-column-has-shadow fusion-flex-justify-content-flex-start fusion-content-layout-column\"><div class=\"fusion-text fusion-text-3\"><p>24.4.2025<\/p>\n<h3>Zaveden\u00ed v\u00fdroby inovativn\u00edho nos\u00edtka s posilova\u010dem v\u010detn\u011b nakl\u00e1dac\u00edho za\u0159\u00edzen\u00ed<\/h3>\n<div class=\"page\" title=\"Page 1\">\n<div class=\"layoutArea\">\n<div class=\"column\">\n<p class=\"p1\">Zaji\u0161t\u011bn\u00ed v\u00fdroby inovativn\u00edho nakl\u00e1dac\u00edho za\u0159\u00edzen\u00ed pro nos\u00edtka s posilova\u010dem, zahrnuj\u00edc\u00ed posuvn\u00fd vod\u00edc\u00ed blok, v\u00fdsuvn\u00e9 rameno, line\u00e1rn\u00ed veden\u00ed pevn\u011b ulo\u017een\u00e9 na podlaze ambulance a upev\u0148ovac\u00ed syst\u00e9m.<\/p>\n<p class=\"p1\">Tento projekt je spolufinancov\u00e1n Evropskou uni\u00ed.<\/p>\n<\/div>\n<\/div>\n<\/div>\n<div class=\"fusion-image-element in-legacy-container\" style=\"--awb-caption-title-font-family:var(--h2_typography-font-family);--awb-caption-title-font-weight:var(--h2_typography-font-weight);--awb-caption-title-font-style:var(--h2_typography-font-style);--awb-caption-title-size:var(--h2_typography-font-size);--awb-caption-title-transform:var(--h2_typography-text-transform);--awb-caption-title-line-height:var(--h2_typography-line-height);--awb-caption-title-letter-spacing:var(--h2_typography-letter-spacing);\"><span class=\"fusion-imageframe imageframe-none imageframe-1 hover-type-none\"><img decoding=\"async\" width=\"1024\" height=\"726\" title=\"Sn\u00edmek obrazovky 2025-04-24 v\u00a08.22.43\" src=\"https:\/\/www.medirol.cz\/wp-content\/uploads\/2025\/04\/Snimek-obrazovky-2025-04-24-v-8.22.43-1024x726.png\" alt class=\"img-responsive wp-image-3532\" srcset=\"https:\/\/www.medirol.cz\/wp-content\/uploads\/2025\/04\/Snimek-obrazovky-2025-04-24-v-8.22.43-200x142.png 200w, https:\/\/www.medirol.cz\/wp-content\/uploads\/2025\/04\/Snimek-obrazovky-2025-04-24-v-8.22.43-400x283.png 400w, https:\/\/www.medirol.cz\/wp-content\/uploads\/2025\/04\/Snimek-obrazovky-2025-04-24-v-8.22.43-600x425.png 600w, https:\/\/www.medirol.cz\/wp-content\/uploads\/2025\/04\/Snimek-obrazovky-2025-04-24-v-8.22.43-800x567.png 800w, https:\/\/www.medirol.cz\/wp-content\/uploads\/2025\/04\/Snimek-obrazovky-2025-04-24-v-8.22.43-1200x850.png 1200w\" sizes=\"(max-width: 640px) 100vw, 1200px\" \/><\/span><\/div>\n<p>&nbsp;<\/p>\n<\/div><\/div><\/div><div class=\"fusion-layout-column fusion_builder_column fusion-builder-column-4 fusion_builder_column_2_3 2_3 fusion-flex-column\" style=\"--awb-padding-top:00px;--awb-padding-right:20px;--awb-padding-bottom:30px;--awb-padding-left:20px;--awb-padding-top-small:0px;--awb-padding-right-small:20px;--awb-padding-bottom-small:30px;--awb-padding-left-small:20px;--awb-bg-size:cover;--awb-width-large:66.6666666667%;--awb-margin-top-large:0px;--awb-spacing-right-large:0px;--awb-margin-bottom-large:0px;--awb-spacing-left-large:0px;--awb-width-medium:66.6666666667%;--awb-order-medium:0;--awb-spacing-right-medium:0px;--awb-spacing-left-medium:0px;--awb-width-small:100%;--awb-order-small:0;--awb-spacing-right-small:0px;--awb-spacing-left-small:0px;\"><div class=\"fusion-column-wrapper fusion-column-has-shadow fusion-flex-justify-content-flex-start fusion-content-layout-column\"><div class=\"fusion-text fusion-text-4\"><p>24.11.2022<\/p>\n<h3><span style=\"font-family: var(--h3_typography-font-family); font-size: var(--h3_typography-font-size); font-style: var(--h3_typography-font-style,normal); font-weight: var(--h3_typography-font-weight); letter-spacing: var(--h3_typography-letter-spacing); text-transform: var(--h3_typography-text-transform); text-align: var(--awb-content-alignment);\">Roz\u0161i\u0159ov\u00e1n\u00ed exportn\u00ed p\u016fsobnosti \u00fa\u010dast\u00ed na v\u00fdstav\u00e1ch a veletrz\u00edch<\/span><\/h3>\n<div class=\"page\" title=\"Page 1\">\n<div class=\"layoutArea\">\n<div class=\"column\">\n<p>Ci\u0301lem tohoto projektu je rozs\u030ci\u0301r\u030ceni\u0301 pove\u030cdomi\u0301 o spolec\u030cnosti Medirol s. r. o. a jeji\u0301ch produktech v zahranic\u030ci\u0301, zi\u0301ska\u0301ni\u0301 novy\u0301ch zahranic\u030cni\u0301ch partneru\u030a a klientu\u030a z oblasti zdravotni\u0301 a za\u0301chrana\u0301r\u030cske\u0301 techniky a zvy\u0301s\u030ceni\u0301 celkove\u0301ho exportu spolec\u030cnosti.<\/p>\n<\/div>\n<\/div>\n<\/div>\n<p><img decoding=\"async\" class=\"alignnone size-full wp-image-3060\" src=\"https:\/\/www.medirol.cz\/wp-content\/uploads\/2022\/11\/dotace.jpg\" alt=\"\" width=\"500\" height=\"353\" srcset=\"https:\/\/www.medirol.cz\/wp-content\/uploads\/2022\/11\/dotace-18x12.jpg 18w, https:\/\/www.medirol.cz\/wp-content\/uploads\/2022\/11\/dotace-200x141.jpg 200w, https:\/\/www.medirol.cz\/wp-content\/uploads\/2022\/11\/dotace-300x212.jpg 300w, https:\/\/www.medirol.cz\/wp-content\/uploads\/2022\/11\/dotace-400x282.jpg 400w, https:\/\/www.medirol.cz\/wp-content\/uploads\/2022\/11\/dotace.jpg 500w\" sizes=\"(max-width: 500px) 100vw, 500px\" \/><\/p>\n<\/div><\/div><\/div><div class=\"fusion-layout-column fusion_builder_column fusion-builder-column-5 fusion_builder_column_2_3 2_3 fusion-flex-column\" style=\"--awb-padding-top:00px;--awb-padding-right:20px;--awb-padding-bottom:30px;--awb-padding-left:20px;--awb-padding-top-small:0px;--awb-padding-right-small:20px;--awb-padding-bottom-small:30px;--awb-padding-left-small:20px;--awb-bg-size:cover;--awb-width-large:66.6666666667%;--awb-margin-top-large:0px;--awb-spacing-right-large:0px;--awb-margin-bottom-large:0px;--awb-spacing-left-large:0px;--awb-width-medium:66.6666666667%;--awb-order-medium:0;--awb-spacing-right-medium:0px;--awb-spacing-left-medium:0px;--awb-width-small:100%;--awb-order-small:0;--awb-spacing-right-small:0px;--awb-spacing-left-small:0px;\"><div class=\"fusion-column-wrapper fusion-column-has-shadow fusion-flex-justify-content-flex-start fusion-content-layout-column\"><div class=\"fusion-text fusion-text-5\"><p>27.1.2019<\/p>\n<h3>Roz\u0161\u00ed\u0159en\u00ed technologick\u00e9ho vybaven\u00ed<\/h3>\n<p>P\u0159edm\u011btem projektu, kter\u00fd je spolufinancov\u00e1n Evropskou uni\u00ed, je roz\u0161\u00ed\u0159en\u00ed strojn\u00edho vybaven\u00ed a modernizace v\u00fdrobn\u00edch proces\u016f, kter\u00e9 na\u0161\u00ed spole\u010dnosti zajist\u00ed zv\u00fd\u0161en\u00ed efektivity pr\u00e1ce a konkurenceschopnost.<\/p>\n<p><div class=\"fusion-image-element in-legacy-container\" style=\"--awb-caption-title-font-family:var(--h2_typography-font-family);--awb-caption-title-font-weight:var(--h2_typography-font-weight);--awb-caption-title-font-style:var(--h2_typography-font-style);--awb-caption-title-size:var(--h2_typography-font-size);--awb-caption-title-transform:var(--h2_typography-text-transform);--awb-caption-title-line-height:var(--h2_typography-line-height);--awb-caption-title-letter-spacing:var(--h2_typography-letter-spacing);\"><span class=\"fusion-imageframe imageframe-none imageframe-2 hover-type-none\"><img decoding=\"async\" width=\"500\" height=\"353\" title=\"Plakat\" src=\"https:\/\/www.medirol.cz\/wp-content\/uploads\/2021\/04\/Plakat.png\" alt class=\"img-responsive wp-image-748\" srcset=\"https:\/\/www.medirol.cz\/wp-content\/uploads\/2021\/04\/Plakat-200x141.png 200w, https:\/\/www.medirol.cz\/wp-content\/uploads\/2021\/04\/Plakat-400x282.png 400w, https:\/\/www.medirol.cz\/wp-content\/uploads\/2021\/04\/Plakat.png 500w\" sizes=\"(max-width: 640px) 100vw, 500px\" \/><\/span><\/div><div class=\"fusion-separator fusion-full-width-sep\" style=\"align-self: center;margin-left: auto;margin-right: auto;width:100%;\"><div class=\"fusion-separator-border sep-single sep-solid\" style=\"--awb-height:20px;--awb-amount:20px;--awb-sep-color:#eceef5;border-color:#eceef5;border-top-width:1px;\"><\/div><\/div><\/p>\n<\/div><\/div><\/div><div class=\"fusion-layout-column fusion_builder_column fusion-builder-column-6 fusion_builder_column_2_3 2_3 fusion-flex-column\" style=\"--awb-padding-top:00px;--awb-padding-right:20px;--awb-padding-bottom:30px;--awb-padding-left:20px;--awb-padding-top-small:0px;--awb-padding-right-small:20px;--awb-padding-bottom-small:30px;--awb-padding-left-small:20px;--awb-bg-size:cover;--awb-width-large:66.6666666667%;--awb-margin-top-large:0px;--awb-spacing-right-large:0px;--awb-margin-bottom-large:0px;--awb-spacing-left-large:0px;--awb-width-medium:66.6666666667%;--awb-order-medium:0;--awb-spacing-right-medium:0px;--awb-spacing-left-medium:0px;--awb-width-small:100%;--awb-order-small:0;--awb-spacing-right-small:0px;--awb-spacing-left-small:0px;\"><div class=\"fusion-column-wrapper fusion-column-has-shadow fusion-flex-justify-content-flex-start fusion-content-layout-column\"><div class=\"fusion-text fusion-text-6\"><p>7.8.2015<\/p>\n<h3>Propagace v\u00fdrobk\u016f Medirol na zahrani\u010dn\u00edch veletrz\u00edch<\/h3>\n<p>C\u00edlem tohoto projektu je roz\u0161\u00ed\u0159en\u00ed pov\u011bdom\u00ed o spole\u010dnosti Medirol s. r. o. a jej\u00edch produktech v zahrani\u010d\u00ed, z\u00edsk\u00e1n\u00ed nov\u00fdch zahrani\u010dn\u00edch partner\u016f a klient\u016f z oblasti zdravotn\u00ed a z\u00e1chran\u00e1\u0159sk\u00e9 techniky a zv\u00fd\u0161en\u00ed celkov\u00e9ho exportu spole\u010dnosti. \u00da\u010dast na podpo\u0159en\u00fdch veletrz\u00edch takt\u00e9\u017e p\u0159isp\u011bje ke zv\u00fd\u0161en\u00ed konkurenceschopnosti produkt\u016f, kter\u00e9 bude firma inovovat na z\u00e1klad\u011b po\u017eadavk\u016f konkr\u00e9tn\u00edch zahrani\u010dn\u00edch trh\u016f.<\/p>\n<div class=\"fusion-image-element in-legacy-container\" style=\"--awb-caption-title-font-family:var(--h2_typography-font-family);--awb-caption-title-font-weight:var(--h2_typography-font-weight);--awb-caption-title-font-style:var(--h2_typography-font-style);--awb-caption-title-size:var(--h2_typography-font-size);--awb-caption-title-transform:var(--h2_typography-text-transform);--awb-caption-title-line-height:var(--h2_typography-line-height);--awb-caption-title-letter-spacing:var(--h2_typography-letter-spacing);\"><span class=\"fusion-imageframe imageframe-none imageframe-3 hover-type-none\"><img decoding=\"async\" width=\"450\" height=\"95\" title=\"logoEU-(2)\" src=\"https:\/\/www.medirol.cz\/wp-content\/uploads\/2021\/04\/logoEU-2.png\" alt class=\"img-responsive wp-image-750\" srcset=\"https:\/\/www.medirol.cz\/wp-content\/uploads\/2021\/04\/logoEU-2-200x42.png 200w, https:\/\/www.medirol.cz\/wp-content\/uploads\/2021\/04\/logoEU-2-400x84.png 400w, https:\/\/www.medirol.cz\/wp-content\/uploads\/2021\/04\/logoEU-2.png 450w\" sizes=\"(max-width: 640px) 100vw, 450px\" \/><\/span><\/div>\n<\/div><\/div><\/div><div class=\"fusion-layout-column fusion_builder_column fusion-builder-column-7 fusion_builder_column_2_3 2_3 fusion-flex-column\" style=\"--awb-padding-top:00px;--awb-padding-right:20px;--awb-padding-bottom:30px;--awb-padding-left:20px;--awb-padding-top-small:0px;--awb-padding-right-small:20px;--awb-padding-bottom-small:30px;--awb-padding-left-small:20px;--awb-bg-size:cover;--awb-width-large:66.6666666667%;--awb-margin-top-large:0px;--awb-spacing-right-large:0px;--awb-margin-bottom-large:0px;--awb-spacing-left-large:0px;--awb-width-medium:66.6666666667%;--awb-order-medium:0;--awb-spacing-right-medium:0px;--awb-spacing-left-medium:0px;--awb-width-small:100%;--awb-order-small:0;--awb-spacing-right-small:0px;--awb-spacing-left-small:0px;\"><div class=\"fusion-column-wrapper fusion-column-has-shadow fusion-flex-justify-content-flex-start fusion-content-layout-column\"><div class=\"fusion-text fusion-text-7\"><p>14. 5. 2015<\/p>\n<h3>Anal\u00fdza vhodnosti pou\u017eit\u00ed materi\u00e1lu<\/h3>\n<p>Ve spolupr\u00e1ci s fakultou strojn\u00ed p\u0159i \u010cesk\u00e9m vysok\u00e9m u\u010den\u00ed v Praze a za podpory Hlavn\u00edho m\u011bsta Prahy, jsme pomoc\u00ed v\u00fdpo\u010dt\u016f provedli anal\u00fdzu vhodnosti pou\u017eit\u00ed kompozitov\u00fdch materi\u00e1l\u016f u transportn\u00ed techniky a ud\u011blali tak prvn\u00ed krok k nasazen\u00ed t\u011bchto modern\u00edch technologi\u00ed do praxe.<\/p>\n<\/p>\n<div class=\"fusion-image-element in-legacy-container\" style=\"--awb-caption-title-font-family:var(--h2_typography-font-family);--awb-caption-title-font-weight:var(--h2_typography-font-weight);--awb-caption-title-font-style:var(--h2_typography-font-style);--awb-caption-title-size:var(--h2_typography-font-size);--awb-caption-title-transform:var(--h2_typography-text-transform);--awb-caption-title-line-height:var(--h2_typography-line-height);--awb-caption-title-letter-spacing:var(--h2_typography-letter-spacing);\"><span class=\"fusion-imageframe imageframe-none imageframe-4 hover-type-none\"><img decoding=\"async\" width=\"300\" height=\"95\" title=\"banner\" src=\"https:\/\/www.medirol.cz\/wp-content\/uploads\/2021\/04\/banner.jpg\" alt class=\"img-responsive wp-image-753\" srcset=\"https:\/\/www.medirol.cz\/wp-content\/uploads\/2021\/04\/banner-200x63.jpg 200w, https:\/\/www.medirol.cz\/wp-content\/uploads\/2021\/04\/banner.jpg 300w\" sizes=\"(max-width: 640px) 100vw, 300px\" \/><\/span><\/div>\n<\/div><\/div><\/div><\/div><\/div>","protected":false},"excerpt":{"rendered":"","protected":false},"author":1,"featured_media":0,"parent":0,"menu_order":0,"comment_status":"closed","ping_status":"closed","template":"","meta":{"footnotes":""},"class_list":["post-740","page","type-page","status-publish","hentry"],"_links":{"self":[{"href":"https:\/\/www.medirol.cz\/nl\/wp-json\/wp\/v2\/pages\/740","targetHints":{"allow":["GET"]}}],"collection":[{"href":"https:\/\/www.medirol.cz\/nl\/wp-json\/wp\/v2\/pages"}],"about":[{"href":"https:\/\/www.medirol.cz\/nl\/wp-json\/wp\/v2\/types\/page"}],"author":[{"embeddable":true,"href":"https:\/\/www.medirol.cz\/nl\/wp-json\/wp\/v2\/users\/1"}],"replies":[{"embeddable":true,"href":"https:\/\/www.medirol.cz\/nl\/wp-json\/wp\/v2\/comments?post=740"}],"version-history":[{"count":25,"href":"https:\/\/www.medirol.cz\/nl\/wp-json\/wp\/v2\/pages\/740\/revisions"}],"predecessor-version":[{"id":3637,"href":"https:\/\/www.medirol.cz\/nl\/wp-json\/wp\/v2\/pages\/740\/revisions\/3637"}],"wp:attachment":[{"href":"https:\/\/www.medirol.cz\/nl\/wp-json\/wp\/v2\/media?parent=740"}],"curies":[{"name":"wp","href":"https:\/\/api.w.org\/{rel}","templated":true}]}}