{"id":738,"date":"2021-04-09T16:36:58","date_gmt":"2021-04-09T14:36:58","guid":{"rendered":"http:\/\/www.medirol.cz\/?page_id=738"},"modified":"2025-07-29T11:43:17","modified_gmt":"2025-07-29T09:43:17","slug":"quality","status":"publish","type":"page","link":"https:\/\/www.medirol.cz\/it\/quality\/","title":{"rendered":"Politica integrata del sistema di gestione"},"content":{"rendered":"<div class=\"fusion-fullwidth fullwidth-box fusion-builder-row-1 fusion-flex-container nonhundred-percent-fullwidth non-hundred-percent-height-scrolling shadow\" style=\"--awb-border-radius-top-left:0px;--awb-border-radius-top-right:0px;--awb-border-radius-bottom-right:0px;--awb-border-radius-bottom-left:0px;--awb-padding-bottom:60px;--awb-background-color:#ffffff;--awb-flex-wrap:wrap;\" ><div class=\"fusion-builder-row fusion-row fusion-flex-align-items-flex-start fusion-flex-justify-content-center fusion-flex-content-wrap\" style=\"max-width:calc( 1260px + 0px );margin-left: calc(-0px \/ 2 );margin-right: calc(-0px \/ 2 );\"><div class=\"fusion-layout-column fusion_builder_column fusion-builder-column-0 fusion_builder_column_2_3 2_3 fusion-flex-column\" style=\"--awb-padding-top:40px;--awb-padding-right:20px;--awb-padding-bottom:40px;--awb-padding-left:20px;--awb-padding-top-small:40px;--awb-padding-right-small:20px;--awb-padding-bottom-small:40px;--awb-padding-left-small:20px;--awb-bg-size:cover;--awb-width-large:66.6666666667%;--awb-margin-top-large:0px;--awb-spacing-right-large:0px;--awb-margin-bottom-large:0px;--awb-spacing-left-large:0px;--awb-width-medium:66.6666666667%;--awb-order-medium:0;--awb-spacing-right-medium:0px;--awb-spacing-left-medium:0px;--awb-width-small:100%;--awb-order-small:0;--awb-spacing-right-small:0px;--awb-spacing-left-small:0px;\"><div class=\"fusion-column-wrapper fusion-column-has-shadow fusion-flex-justify-content-flex-start fusion-content-layout-column\"><div class=\"fusion-title title fusion-title-1 fusion-sep-none fusion-title-text fusion-title-size-one\" style=\"--awb-text-color:#8289a6;\"><h1 class=\"fusion-title-heading title-heading-left\" style=\"margin:0;\">Politica integrata del sistema di gestione<\/h1><\/div><\/div><\/div><div class=\"fusion-layout-column fusion_builder_column fusion-builder-column-1 fusion_builder_column_2_3 2_3 fusion-flex-column\" style=\"--awb-padding-right:20px;--awb-padding-bottom:30px;--awb-padding-left:20px;--awb-padding-top-small:0px;--awb-padding-right-small:20px;--awb-padding-bottom-small:30px;--awb-padding-left-small:20px;--awb-bg-size:cover;--awb-width-large:66.6666666667%;--awb-margin-top-large:0px;--awb-spacing-right-large:0px;--awb-margin-bottom-large:0px;--awb-spacing-left-large:0px;--awb-width-medium:66.6666666667%;--awb-order-medium:0;--awb-spacing-right-medium:0px;--awb-spacing-left-medium:0px;--awb-width-small:100%;--awb-order-small:0;--awb-spacing-right-small:0px;--awb-spacing-left-small:0px;\"><div class=\"fusion-column-wrapper fusion-column-has-shadow fusion-flex-justify-content-flex-start fusion-content-layout-column\"><div class=\"fusion-text fusion-text-1\"><p>MEDIROL s.r.o. \u00e8 una delle principali organizzazioni impegnate nello sviluppo, produzione e vendita di dispositivi per la movimentazione dei pazienti. Per ridurre al minimo i possibili impatti negativi e migliorare le relazioni con gli stakeholder, il management dell'azienda si impegna secondo standard certificati secondo \u010cSN EN ISO 9001, \u010cSN EN ISO 13485 e \u010cSN EN ISO 14001:<\/p>\n<ul>\n<li>fornire prodotti e fornire servizi che soddisfino i requisiti e le aspettative dei nostri clienti e siano conformi ai requisiti legislativi e normativi prescritti,<\/li>\n<li>migliorare la produzione, i processi interni e il sistema di gestione, implementato secondo i requisiti delle norme,<\/li>\n<li>soddisfare i requisiti legali e di altro tipo nel campo della gestione della qualit\u00e0 della produzione, della sicurezza dei prodotti e della protezione dell'ambiente,<\/li>\n<li>creare un ambiente di lavoro sicuro, piacevole e creativo per i dipendenti basato sulla cooperazione e su una comunicazione efficace,<\/li>\n<li>approccio responsabile nella pianificazione della produzione, dell'acquisto di materiali e servizi in modo da garantire la qualit\u00e0 e la sicurezza dei prodotti, compreso il rispetto dei principi di tutela ambientale,<\/li>\n<li>richiedono un approccio attivo da parte dei dipendenti e dei partner commerciali che porti ad un'elevata qualit\u00e0 del lavoro svolto, compreso il rispetto dei principi di tutela ambientale e di prevenzione degli infortuni.<\/li>\n<\/ul>\n<p><strong>Ing. David Ryska<\/strong><br \/>\nCEO<\/p>\n<p>Doln\u00ed Dub\u0148any<br \/>\nJanuary 1, 2024<\/p>\n<\/div><div class=\"fusion-text fusion-text-2\"><h3>Downloads<\/h3>\n<ul>\n<li>ISO 9001:2015 (<a href=\"https:\/\/www.medirol.cz\/wp-content\/uploads\/2025\/07\/2024-MEDIROL-Dolni-Dubnany-ISO-9001-CZ.pdf\">Czech<\/a>, <a href=\"https:\/\/www.medirol.cz\/wp-content\/uploads\/2025\/07\/2024-MEDIROL-Dolni-Dubnany-ISO-9001-DE.pdf\">German<\/a>, <a href=\"https:\/\/www.medirol.cz\/wp-content\/uploads\/2025\/07\/2024-MEDIROL-Dolni-Dubnany-ISO-9001-EN.pdf\">English<\/a>, <a href=\"https:\/\/www.medirol.cz\/wp-content\/uploads\/2025\/07\/2024-MEDIROL-Dolni-Dubnany-ISO-9001-ESP.pdf\">Spanish<\/a>, <a href=\"https:\/\/www.medirol.cz\/wp-content\/uploads\/2025\/07\/2024-MEDIROL-Dolni-Dubnany-ISO-9001-RU.pdf\">Russian<\/a>)<\/li>\n<li>ISO 13485:2016 (<a href=\"https:\/\/www.medirol.cz\/wp-content\/uploads\/2025\/07\/2024-MEDIROL-Dolni-Dubnany-ISO-13485-CZ.pdf\">Czech<\/a>, <a href=\"https:\/\/www.medirol.cz\/wp-content\/uploads\/2025\/07\/2024-MEDIROL-Dolni-Dubnany-ISO-13485-DE.pdf\">German<\/a>, <a href=\"https:\/\/www.medirol.cz\/wp-content\/uploads\/2025\/07\/2024-MEDIROL-Dolni-Dubnany-ISO-13485-EN.pdf\">English<\/a>, <a href=\"https:\/\/www.medirol.cz\/wp-content\/uploads\/2025\/07\/2024-MEDIROL-Dolni-Dubnany-ISO-13485-ESP.pdf\">Spanish<\/a>, <a href=\"https:\/\/www.medirol.cz\/wp-content\/uploads\/2025\/07\/2024-MEDIROL-Dolni-Dubnany-ISO-13485-RU.pdf\">Russian<\/a>)<\/li>\n<li>ISO 14001:2015 (<a href=\"https:\/\/www.medirol.cz\/wp-content\/uploads\/2025\/07\/2025-MEDIROL-Dolni-Dubnany-ISO-14001-CZ.pdf\">Czech<\/a>, <a href=\"https:\/\/www.medirol.cz\/wp-content\/uploads\/2025\/07\/2025-MEDIROL-Dolni-Dubnany-ISO-14001-DE.pdf\">German<\/a>, <a href=\"https:\/\/www.medirol.cz\/wp-content\/uploads\/2025\/07\/2025-MEDIROL-Dolni-Dubnany-ISO-14001-EN.pdf\">English<\/a>, <a href=\"https:\/\/www.medirol.cz\/wp-content\/uploads\/2025\/07\/2025-MEDIROL-Dolni-Dubnany-ISO-14001-ESP.pdf\">Spanish,<\/a> <a href=\"https:\/\/www.medirol.cz\/wp-content\/uploads\/2025\/07\/2025-MEDIROL-Dolni-Dubnany-ISO-14001-RU.pdf\">Russian<\/a>)<\/li>\n<\/ul>\n<\/div><\/div><\/div><\/div><\/div>","protected":false},"excerpt":{"rendered":"","protected":false},"author":1,"featured_media":0,"parent":0,"menu_order":0,"comment_status":"closed","ping_status":"closed","template":"","meta":{"footnotes":""},"class_list":["post-738","page","type-page","status-publish","hentry"],"_links":{"self":[{"href":"https:\/\/www.medirol.cz\/it\/wp-json\/wp\/v2\/pages\/738","targetHints":{"allow":["GET"]}}],"collection":[{"href":"https:\/\/www.medirol.cz\/it\/wp-json\/wp\/v2\/pages"}],"about":[{"href":"https:\/\/www.medirol.cz\/it\/wp-json\/wp\/v2\/types\/page"}],"author":[{"embeddable":true,"href":"https:\/\/www.medirol.cz\/it\/wp-json\/wp\/v2\/users\/1"}],"replies":[{"embeddable":true,"href":"https:\/\/www.medirol.cz\/it\/wp-json\/wp\/v2\/comments?post=738"}],"version-history":[{"count":50,"href":"https:\/\/www.medirol.cz\/it\/wp-json\/wp\/v2\/pages\/738\/revisions"}],"predecessor-version":[{"id":3600,"href":"https:\/\/www.medirol.cz\/it\/wp-json\/wp\/v2\/pages\/738\/revisions\/3600"}],"wp:attachment":[{"href":"https:\/\/www.medirol.cz\/it\/wp-json\/wp\/v2\/media?parent=738"}],"curies":[{"name":"wp","href":"https:\/\/api.w.org\/{rel}","templated":true}]}}