{"id":1862,"date":"2021-06-25T15:35:16","date_gmt":"2021-06-25T13:35:16","guid":{"rendered":"https:\/\/www.medirol.cz\/service\/"},"modified":"2022-07-05T10:44:35","modified_gmt":"2022-07-05T08:44:35","slug":"service-4","status":"publish","type":"page","link":"https:\/\/www.medirol.cz\/es\/service-4\/","title":{"rendered":"Servicios"},"content":{"rendered":"<p><div class=\"fusion-fullwidth fullwidth-box fusion-builder-row-1 fusion-flex-container nonhundred-percent-fullwidth non-hundred-percent-height-scrolling shadow\" style=\"--awb-border-radius-top-left:0px;--awb-border-radius-top-right:0px;--awb-border-radius-bottom-right:0px;--awb-border-radius-bottom-left:0px;--awb-background-color:#ffffff;--awb-flex-wrap:wrap;\" ><div class=\"fusion-builder-row fusion-row fusion-flex-align-items-flex-start fusion-flex-content-wrap\" style=\"max-width:calc( 1260px + 0px );margin-left: calc(-0px \/ 2 );margin-right: calc(-0px \/ 2 );\"><div class=\"fusion-layout-column fusion_builder_column fusion-builder-column-0 fusion_builder_column_1_2 1_2 fusion-flex-column\" style=\"--awb-padding-top:60px;--awb-padding-right:80px;--awb-padding-bottom:60px;--awb-padding-left:80px;--awb-padding-top-small:30px;--awb-padding-right-small:20px;--awb-padding-bottom-small:30px;--awb-padding-left-small:20px;--awb-bg-size:cover;--awb-width-large:50%;--awb-margin-top-large:0px;--awb-spacing-right-large:0px;--awb-margin-bottom-large:0px;--awb-spacing-left-large:0px;--awb-width-medium:50%;--awb-order-medium:0;--awb-spacing-right-medium:0px;--awb-spacing-left-medium:0px;--awb-width-small:100%;--awb-order-small:0;--awb-spacing-right-small:0px;--awb-spacing-left-small:0px;\"><div class=\"fusion-column-wrapper fusion-column-has-shadow fusion-flex-justify-content-flex-start fusion-content-layout-column\"><div class=\"fusion-title title fusion-title-1 fusion-sep-none fusion-title-text fusion-title-size-three\" style=\"--awb-text-color:#fa4616;--awb-font-size:22px;\"><h3 class=\"fusion-title-heading title-heading-left\" style=\"margin:0;font-size:1em;\">Servicio y Soporte para Profesionales<\/h3><\/div><div class=\"fusion-text fusion-text-1\"><p>Que ustedes sean un peque\u00f1o servicio de ambulancia o una organizaci\u00f3n de muchos, los profesionales que trabajan necesitan un servicio en que puedan confiar. Sus necesidades son cr\u00edticas, raz\u00f3n por la cual Medirol brinda un servicio al cliente \u00fanico espec\u00edficamente para profesionales. Servicio flexible y personalizado que ofrece soporte t\u00e9cnico, t\u00e9cnicos de servicio capacitados en f\u00e1brica, y repuestos originales de Medirol.<\/p>\n<p>El equipo de servicio y soporte de Medirol queda atento para ayudarlo a aprovechar al m\u00e1ximo sus productos Medirol y a brindarle soporte cuando lo necesite.<\/p>\n<p><b>Atenci\u00f3n al cliente &amp; soporte t\u00e9cnico:<br \/>\nTel\u00e9fono: +420 515 338 524<br \/>\nE-mail: medirol@medirol.cz<\/b><\/p>\n<\/div><\/div><\/div><div class=\"fusion-layout-column fusion_builder_column fusion-builder-column-1 fusion_builder_column_1_2 1_2 fusion-flex-column\" style=\"--awb-bg-size:cover;--awb-width-large:50%;--awb-margin-top-large:0px;--awb-spacing-right-large:0px;--awb-margin-bottom-large:0px;--awb-spacing-left-large:0px;--awb-width-medium:50%;--awb-order-medium:0;--awb-spacing-right-medium:0px;--awb-spacing-left-medium:0px;--awb-width-small:100%;--awb-order-small:0;--awb-spacing-right-small:0px;--awb-spacing-left-small:0px;\"><div class=\"fusion-column-wrapper fusion-column-has-shadow fusion-flex-justify-content-flex-start fusion-content-layout-column\"><div class=\"fusion-image-element\" style=\"--awb-caption-title-font-family:var(--h2_typography-font-family);--awb-caption-title-font-weight:var(--h2_typography-font-weight);--awb-caption-title-font-style:var(--h2_typography-font-style);--awb-caption-title-size:var(--h2_typography-font-size);--awb-caption-title-transform:var(--h2_typography-text-transform);--awb-caption-title-line-height:var(--h2_typography-line-height);--awb-caption-title-letter-spacing:var(--h2_typography-letter-spacing);\"><span class=\"fusion-imageframe imageframe-none imageframe-1 hover-type-none\"><img decoding=\"async\" width=\"630\" height=\"720\" title=\"service\" src=\"https:\/\/www.medirol.cz\/wp-content\/uploads\/2022\/06\/service.png\" alt class=\"img-responsive wp-image-2803\" srcset=\"https:\/\/www.medirol.cz\/wp-content\/uploads\/2022\/06\/service-200x229.png 200w, https:\/\/www.medirol.cz\/wp-content\/uploads\/2022\/06\/service-400x457.png 400w, https:\/\/www.medirol.cz\/wp-content\/uploads\/2022\/06\/service-600x686.png 600w, https:\/\/www.medirol.cz\/wp-content\/uploads\/2022\/06\/service.png 630w\" sizes=\"(max-width: 640px) 100vw, 630px\" \/><\/span><\/div><\/div><\/div><\/div><\/div><div class=\"fusion-fullwidth fullwidth-box fusion-builder-row-2 fusion-flex-container nonhundred-percent-fullwidth non-hundred-percent-height-scrolling shadow\" style=\"--awb-border-radius-top-left:0px;--awb-border-radius-top-right:0px;--awb-border-radius-bottom-right:0px;--awb-border-radius-bottom-left:0px;--awb-background-color:#ffffff;--awb-flex-wrap:wrap;\" ><div class=\"fusion-builder-row fusion-row fusion-flex-align-items-flex-start fusion-flex-content-wrap\" style=\"max-width:calc( 1260px + 0px );margin-left: calc(-0px \/ 2 );margin-right: calc(-0px \/ 2 );\"><div class=\"fusion-layout-column fusion_builder_column fusion-builder-column-2 fusion_builder_column_1_2 1_2 fusion-flex-column fusion-no-small-visibility\" style=\"--awb-bg-size:cover;--awb-width-large:50%;--awb-margin-top-large:0px;--awb-spacing-right-large:0px;--awb-margin-bottom-large:0px;--awb-spacing-left-large:0px;--awb-width-medium:50%;--awb-order-medium:0;--awb-spacing-right-medium:0px;--awb-spacing-left-medium:0px;--awb-width-small:100%;--awb-order-small:0;--awb-spacing-right-small:0px;--awb-spacing-left-small:0px;\"><div class=\"fusion-column-wrapper fusion-column-has-shadow fusion-flex-justify-content-flex-start fusion-content-layout-column\"><div class=\"fusion-image-element\" style=\"--awb-caption-title-font-family:var(--h2_typography-font-family);--awb-caption-title-font-weight:var(--h2_typography-font-weight);--awb-caption-title-font-style:var(--h2_typography-font-style);--awb-caption-title-size:var(--h2_typography-font-size);--awb-caption-title-transform:var(--h2_typography-text-transform);--awb-caption-title-line-height:var(--h2_typography-line-height);--awb-caption-title-letter-spacing:var(--h2_typography-letter-spacing);\"><span class=\"fusion-imageframe imageframe-none imageframe-2 hover-type-none\"><img decoding=\"async\" width=\"630\" height=\"720\" title=\"field\" src=\"https:\/\/www.medirol.cz\/wp-content\/uploads\/2022\/06\/field.png\" alt class=\"img-responsive wp-image-2805\" srcset=\"https:\/\/www.medirol.cz\/wp-content\/uploads\/2022\/06\/field-200x229.png 200w, https:\/\/www.medirol.cz\/wp-content\/uploads\/2022\/06\/field-400x457.png 400w, https:\/\/www.medirol.cz\/wp-content\/uploads\/2022\/06\/field-600x686.png 600w, https:\/\/www.medirol.cz\/wp-content\/uploads\/2022\/06\/field.png 630w\" sizes=\"(max-width: 640px) 100vw, 630px\" \/><\/span><\/div><\/div><\/div><div class=\"fusion-layout-column fusion_builder_column fusion-builder-column-3 fusion_builder_column_1_2 1_2 fusion-flex-column\" style=\"--awb-padding-top:60px;--awb-padding-right:80px;--awb-padding-bottom:60px;--awb-padding-left:80px;--awb-padding-top-small:30px;--awb-padding-right-small:20px;--awb-padding-bottom-small:30px;--awb-padding-left-small:20px;--awb-bg-size:cover;--awb-width-large:50%;--awb-margin-top-large:0px;--awb-spacing-right-large:0px;--awb-margin-bottom-large:0px;--awb-spacing-left-large:0px;--awb-width-medium:50%;--awb-order-medium:0;--awb-spacing-right-medium:0px;--awb-spacing-left-medium:0px;--awb-width-small:100%;--awb-order-small:0;--awb-spacing-right-small:0px;--awb-spacing-left-small:0px;\"><div class=\"fusion-column-wrapper fusion-column-has-shadow fusion-flex-justify-content-flex-start fusion-content-layout-column\"><div class=\"fusion-title title fusion-title-2 fusion-sep-none fusion-title-text fusion-title-size-three\" style=\"--awb-text-color:#fa4616;--awb-font-size:22px;\"><h3 class=\"fusion-title-heading title-heading-left\" style=\"margin:0;font-size:1em;\">Servicio de Mantenimiento de Campo<\/h3><\/div><div class=\"fusion-text fusion-text-2\"><p>El programa de servicio de mantenimiento de campo de Medirol ofrece a los clientes corporativos que utilizan productos Medirol una soluci\u00f3n efectiva para mantener el equipo en buen estado, asi que se puede administrar mejor los gastos de servicio. Expertos t\u00e9cnicos y operativos, limpian, verifican y realizan reparaciones menores en todos los productos Medirol calificados. Tambi\u00e9n pueden proporcionar consejos \u00fatiles con respecto al flujo de trabajo y todos los dem\u00e1s aspectos de los productos Medirol.<\/p>\n<p>El servicio in-situ ayuda a minimizar el costoso tiempo de inactividad y reduce los costos de env\u00edo de reparaci\u00f3n. El mantenimiento preventivo \"Expert Medirol\" puede ayudar a extender la vida \u00fatil del equipo, y el presupuesto se simplifica porque el costo del programa es fijo.<\/p>\n<p><b>Para obtener m\u00e1s informaci\u00f3n, escriban a: medirol@medirol.cz<\/b><\/p>\n<\/div><\/div><\/div><\/div><\/div><\/p>","protected":false},"excerpt":{"rendered":"","protected":false},"author":1,"featured_media":0,"parent":0,"menu_order":0,"comment_status":"closed","ping_status":"closed","template":"","meta":{"footnotes":""},"class_list":["post-1862","page","type-page","status-publish","hentry"],"_links":{"self":[{"href":"https:\/\/www.medirol.cz\/es\/wp-json\/wp\/v2\/pages\/1862","targetHints":{"allow":["GET"]}}],"collection":[{"href":"https:\/\/www.medirol.cz\/es\/wp-json\/wp\/v2\/pages"}],"about":[{"href":"https:\/\/www.medirol.cz\/es\/wp-json\/wp\/v2\/types\/page"}],"author":[{"embeddable":true,"href":"https:\/\/www.medirol.cz\/es\/wp-json\/wp\/v2\/users\/1"}],"replies":[{"embeddable":true,"href":"https:\/\/www.medirol.cz\/es\/wp-json\/wp\/v2\/comments?post=1862"}],"version-history":[{"count":19,"href":"https:\/\/www.medirol.cz\/es\/wp-json\/wp\/v2\/pages\/1862\/revisions"}],"predecessor-version":[{"id":2888,"href":"https:\/\/www.medirol.cz\/es\/wp-json\/wp\/v2\/pages\/1862\/revisions\/2888"}],"wp:attachment":[{"href":"https:\/\/www.medirol.cz\/es\/wp-json\/wp\/v2\/media?parent=1862"}],"curies":[{"name":"wp","href":"https:\/\/api.w.org\/{rel}","templated":true}]}}