{"id":1862,"date":"2021-06-25T15:35:16","date_gmt":"2021-06-25T13:35:16","guid":{"rendered":"https:\/\/www.medirol.cz\/service\/"},"modified":"2022-07-05T10:44:35","modified_gmt":"2022-07-05T08:44:35","slug":"service-4","status":"publish","type":"page","link":"https:\/\/www.medirol.cz\/cs\/service-4\/","title":{"rendered":"Servis"},"content":{"rendered":"<p><div class=\"fusion-fullwidth fullwidth-box fusion-builder-row-1 fusion-flex-container nonhundred-percent-fullwidth non-hundred-percent-height-scrolling shadow\" style=\"--awb-border-radius-top-left:0px;--awb-border-radius-top-right:0px;--awb-border-radius-bottom-right:0px;--awb-border-radius-bottom-left:0px;--awb-background-color:#ffffff;--awb-flex-wrap:wrap;\" ><div class=\"fusion-builder-row fusion-row fusion-flex-align-items-flex-start fusion-flex-content-wrap\" style=\"max-width:calc( 1260px + 0px );margin-left: calc(-0px \/ 2 );margin-right: calc(-0px \/ 2 );\"><div class=\"fusion-layout-column fusion_builder_column fusion-builder-column-0 fusion_builder_column_1_2 1_2 fusion-flex-column\" style=\"--awb-padding-top:60px;--awb-padding-right:80px;--awb-padding-bottom:60px;--awb-padding-left:80px;--awb-padding-top-small:30px;--awb-padding-right-small:20px;--awb-padding-bottom-small:30px;--awb-padding-left-small:20px;--awb-bg-size:cover;--awb-width-large:50%;--awb-margin-top-large:0px;--awb-spacing-right-large:0px;--awb-margin-bottom-large:0px;--awb-spacing-left-large:0px;--awb-width-medium:50%;--awb-order-medium:0;--awb-spacing-right-medium:0px;--awb-spacing-left-medium:0px;--awb-width-small:100%;--awb-order-small:0;--awb-spacing-right-small:0px;--awb-spacing-left-small:0px;\"><div class=\"fusion-column-wrapper fusion-column-has-shadow fusion-flex-justify-content-flex-start fusion-content-layout-column\"><div class=\"fusion-title title fusion-title-1 fusion-sep-none fusion-title-text fusion-title-size-three\" style=\"--awb-text-color:#fa4616;--awb-font-size:22px;\"><h3 class=\"fusion-title-heading title-heading-left\" style=\"margin:0;font-size:1em;\">Servis a podpora pro profesion\u00e1ly<\/h3><\/div><div class=\"fusion-text fusion-text-1\"><p>Jste-li men\u0161\u00ed sanitn\u00ed slu\u017eba nebo v\u011bt\u0161\u00ed zdravotnick\u00e1 organizace, jako zdravotn\u00ed profesion\u00e1lov\u00e9 pot\u0159ebujete servisn\u00ed slu\u017eby, na kter\u00e9 se m\u016f\u017eete spolehnout. MEDIROL poskytuje rychl\u00fd a kvalitn\u00ed servis p\u0159\u00edmo pro v\u00e1s d\u00edky pro\u0161kolen\u00fdm technik\u016fm a dostupn\u00fdm n\u00e1hradn\u00edm d\u00edl\u016fm.<\/p>\n<p>T\u00fdm pro\u0161kolen\u00fdch pracovn\u00edk\u016f a profesion\u00e1ln\u00edch technik\u016f je zde, aby v\u00e1m pomohl vyu\u017e\u00edvat va\u0161e produkty MEDIROL na maximum a z\u00e1rove\u0148 v\u00e1m poskytl ve\u0161kerou pot\u0159ebnou podporu kdykoli ji budete pot\u0159ebovat.<\/p>\n<p><b>Kontakt na technickou podporu:<br \/>\nTelefon: +420 515 338 524<br \/>\nE-mail: servis@medirol.cz<\/b><\/p>\n<\/div><\/div><\/div><div class=\"fusion-layout-column fusion_builder_column fusion-builder-column-1 fusion_builder_column_1_2 1_2 fusion-flex-column\" style=\"--awb-bg-size:cover;--awb-width-large:50%;--awb-margin-top-large:0px;--awb-spacing-right-large:0px;--awb-margin-bottom-large:0px;--awb-spacing-left-large:0px;--awb-width-medium:50%;--awb-order-medium:0;--awb-spacing-right-medium:0px;--awb-spacing-left-medium:0px;--awb-width-small:100%;--awb-order-small:0;--awb-spacing-right-small:0px;--awb-spacing-left-small:0px;\"><div class=\"fusion-column-wrapper fusion-column-has-shadow fusion-flex-justify-content-flex-start fusion-content-layout-column\"><div class=\"fusion-image-element\" style=\"--awb-caption-title-font-family:var(--h2_typography-font-family);--awb-caption-title-font-weight:var(--h2_typography-font-weight);--awb-caption-title-font-style:var(--h2_typography-font-style);--awb-caption-title-size:var(--h2_typography-font-size);--awb-caption-title-transform:var(--h2_typography-text-transform);--awb-caption-title-line-height:var(--h2_typography-line-height);--awb-caption-title-letter-spacing:var(--h2_typography-letter-spacing);\"><span class=\"fusion-imageframe imageframe-none imageframe-1 hover-type-none\"><img decoding=\"async\" width=\"630\" height=\"720\" title=\"service\" src=\"https:\/\/www.medirol.cz\/wp-content\/uploads\/2022\/06\/service.png\" alt class=\"img-responsive wp-image-2803\" srcset=\"https:\/\/www.medirol.cz\/wp-content\/uploads\/2022\/06\/service-200x229.png 200w, https:\/\/www.medirol.cz\/wp-content\/uploads\/2022\/06\/service-400x457.png 400w, https:\/\/www.medirol.cz\/wp-content\/uploads\/2022\/06\/service-600x686.png 600w, https:\/\/www.medirol.cz\/wp-content\/uploads\/2022\/06\/service.png 630w\" sizes=\"(max-width: 640px) 100vw, 630px\" \/><\/span><\/div><\/div><\/div><\/div><\/div><div class=\"fusion-fullwidth fullwidth-box fusion-builder-row-2 fusion-flex-container nonhundred-percent-fullwidth non-hundred-percent-height-scrolling shadow\" style=\"--awb-border-radius-top-left:0px;--awb-border-radius-top-right:0px;--awb-border-radius-bottom-right:0px;--awb-border-radius-bottom-left:0px;--awb-background-color:#ffffff;--awb-flex-wrap:wrap;\" ><div class=\"fusion-builder-row fusion-row fusion-flex-align-items-flex-start fusion-flex-content-wrap\" style=\"max-width:calc( 1260px + 0px );margin-left: calc(-0px \/ 2 );margin-right: calc(-0px \/ 2 );\"><div class=\"fusion-layout-column fusion_builder_column fusion-builder-column-2 fusion_builder_column_1_2 1_2 fusion-flex-column fusion-no-small-visibility\" style=\"--awb-bg-size:cover;--awb-width-large:50%;--awb-margin-top-large:0px;--awb-spacing-right-large:0px;--awb-margin-bottom-large:0px;--awb-spacing-left-large:0px;--awb-width-medium:50%;--awb-order-medium:0;--awb-spacing-right-medium:0px;--awb-spacing-left-medium:0px;--awb-width-small:100%;--awb-order-small:0;--awb-spacing-right-small:0px;--awb-spacing-left-small:0px;\"><div class=\"fusion-column-wrapper fusion-column-has-shadow fusion-flex-justify-content-flex-start fusion-content-layout-column\"><div class=\"fusion-image-element\" style=\"--awb-caption-title-font-family:var(--h2_typography-font-family);--awb-caption-title-font-weight:var(--h2_typography-font-weight);--awb-caption-title-font-style:var(--h2_typography-font-style);--awb-caption-title-size:var(--h2_typography-font-size);--awb-caption-title-transform:var(--h2_typography-text-transform);--awb-caption-title-line-height:var(--h2_typography-line-height);--awb-caption-title-letter-spacing:var(--h2_typography-letter-spacing);\"><span class=\"fusion-imageframe imageframe-none imageframe-2 hover-type-none\"><img decoding=\"async\" width=\"630\" height=\"720\" title=\"field\" src=\"https:\/\/www.medirol.cz\/wp-content\/uploads\/2022\/06\/field.png\" alt class=\"img-responsive wp-image-2805\" srcset=\"https:\/\/www.medirol.cz\/wp-content\/uploads\/2022\/06\/field-200x229.png 200w, https:\/\/www.medirol.cz\/wp-content\/uploads\/2022\/06\/field-400x457.png 400w, https:\/\/www.medirol.cz\/wp-content\/uploads\/2022\/06\/field-600x686.png 600w, https:\/\/www.medirol.cz\/wp-content\/uploads\/2022\/06\/field.png 630w\" sizes=\"(max-width: 640px) 100vw, 630px\" \/><\/span><\/div><\/div><\/div><div class=\"fusion-layout-column fusion_builder_column fusion-builder-column-3 fusion_builder_column_1_2 1_2 fusion-flex-column\" style=\"--awb-padding-top:60px;--awb-padding-right:80px;--awb-padding-bottom:60px;--awb-padding-left:80px;--awb-padding-top-small:30px;--awb-padding-right-small:20px;--awb-padding-bottom-small:30px;--awb-padding-left-small:20px;--awb-bg-size:cover;--awb-width-large:50%;--awb-margin-top-large:0px;--awb-spacing-right-large:0px;--awb-margin-bottom-large:0px;--awb-spacing-left-large:0px;--awb-width-medium:50%;--awb-order-medium:0;--awb-spacing-right-medium:0px;--awb-spacing-left-medium:0px;--awb-width-small:100%;--awb-order-small:0;--awb-spacing-right-small:0px;--awb-spacing-left-small:0px;\"><div class=\"fusion-column-wrapper fusion-column-has-shadow fusion-flex-justify-content-flex-start fusion-content-layout-column\"><div class=\"fusion-title title fusion-title-2 fusion-sep-none fusion-title-text fusion-title-size-three\" style=\"--awb-text-color:#fa4616;--awb-font-size:22px;\"><h3 class=\"fusion-title-heading title-heading-left\" style=\"margin:0;font-size:1em;\">Bezpe\u010dnostn\u011b technick\u00e9 prohl\u00eddky<\/h3><\/div><div class=\"fusion-text fusion-text-2\"><p>Pravideln\u00e9 bezpe\u010dnostn\u011b technick\u00e9 prohl\u00eddky nab\u00edz\u00ed z\u00e1kazn\u00edk\u016fm, kte\u0159\u00ed vlastn\u00ed produkty MEDIROL, efektivn\u00ed zp\u016fsob \u00fadr\u017eby transportn\u00ed techniky a lep\u0161\u00ed pl\u00e1nov\u00e1n\u00ed servisn\u00edch n\u00e1klad\u016f. Vy\u0161kolen\u00ed servisn\u00ed technici jsou p\u0159ipraveni na m\u00edst\u011b produkty vy\u010distit, zkontrolovat a prov\u00e9st nezbytn\u00e9 men\u0161\u00ed opravy. Mohou tak\u00e9 poskytnout u\u017eite\u010dn\u00e9 rady nebo konzultovat va\u0161e pot\u0159eby.<\/p>\n<p>Pravideln\u00e9 technick\u00e9 prohl\u00eddky pom\u00e1haj\u00ed p\u0159edch\u00e1zet drah\u00e9mu odstaven\u00ed sanitn\u00edho vozidla kv\u016fli oprav\u011b a zna\u010dn\u011b sni\u017euj\u00ed celkov\u00e9 servisn\u00ed n\u00e1klady. Odborn\u00e1 preventivn\u00ed \u00fadr\u017eba z\u00e1rove\u0148 pom\u00e1h\u00e1 prodlou\u017eit \u017eivotnost transportn\u00ed techniky a zjednodu\u0161uje finan\u010dn\u00ed pl\u00e1nov\u00e1n\u00ed d\u00edky jednotn\u00e9 sazb\u011b.<\/p>\n<p><b>Pro v\u00edce informac\u00ed pros\u00edm napi\u0161te na servis@medirol.cz<\/b><\/p>\n<\/div><\/div><\/div><\/div><\/div><\/p>","protected":false},"excerpt":{"rendered":"","protected":false},"author":1,"featured_media":0,"parent":0,"menu_order":0,"comment_status":"closed","ping_status":"closed","template":"","meta":{"footnotes":""},"class_list":["post-1862","page","type-page","status-publish","hentry"],"_links":{"self":[{"href":"https:\/\/www.medirol.cz\/cs\/wp-json\/wp\/v2\/pages\/1862","targetHints":{"allow":["GET"]}}],"collection":[{"href":"https:\/\/www.medirol.cz\/cs\/wp-json\/wp\/v2\/pages"}],"about":[{"href":"https:\/\/www.medirol.cz\/cs\/wp-json\/wp\/v2\/types\/page"}],"author":[{"embeddable":true,"href":"https:\/\/www.medirol.cz\/cs\/wp-json\/wp\/v2\/users\/1"}],"replies":[{"embeddable":true,"href":"https:\/\/www.medirol.cz\/cs\/wp-json\/wp\/v2\/comments?post=1862"}],"version-history":[{"count":19,"href":"https:\/\/www.medirol.cz\/cs\/wp-json\/wp\/v2\/pages\/1862\/revisions"}],"predecessor-version":[{"id":2888,"href":"https:\/\/www.medirol.cz\/cs\/wp-json\/wp\/v2\/pages\/1862\/revisions\/2888"}],"wp:attachment":[{"href":"https:\/\/www.medirol.cz\/cs\/wp-json\/wp\/v2\/media?parent=1862"}],"curies":[{"name":"wp","href":"https:\/\/api.w.org\/{rel}","templated":true}]}}